{"id":92,"date":"2019-02-01T19:08:46","date_gmt":"2019-02-01T18:08:46","guid":{"rendered":"http:\/\/mbtec.fr\/?page_id=92"},"modified":"2019-02-25T14:05:47","modified_gmt":"2019-02-25T13:05:47","slug":"accueil","status":"publish","type":"page","link":"https:\/\/mbtec.fr\/","title":{"rendered":"Accueil"},"content":{"rendered":"\n<h4 class=\"wp-block-heading\" style=\"text-align:center\">Votre partenaire technique pour le d\u00e9veloppement de dispositifs \u00e9lectroniques pour le secteur de la sant\u00e9<\/h4>\n\n\n\n<div class=\"wp-block-image\"><figure class=\"aligncenter\"><a href=\"http:\/\/mbtec.fr\/index.php\/services\/\"><img loading=\"lazy\" decoding=\"async\" width=\"866\" height=\"555\" src=\"http:\/\/mbtec.fr\/wp-content\/uploads\/2019\/02\/Accueil.png\" alt=\"\" class=\"wp-image-169\" srcset=\"https:\/\/mbtec.fr\/wp-content\/uploads\/2019\/02\/Accueil.png 866w, https:\/\/mbtec.fr\/wp-content\/uploads\/2019\/02\/Accueil-300x192.png 300w, https:\/\/mbtec.fr\/wp-content\/uploads\/2019\/02\/Accueil-768x492.png 768w\" sizes=\"auto, (max-width: 866px) 100vw, 866px\" \/><\/a><\/figure><\/div>\n\n\n\n<p><\/p>\n\n\n\n<p><\/p>\n\n\n\n<p><\/p>\n","protected":false},"excerpt":{"rendered":"<p>Votre partenaire technique pour le d\u00e9veloppement de dispositifs \u00e9lectroniques pour le secteur de la sant\u00e9<\/p>\n","protected":false},"author":1,"featured_media":0,"parent":0,"menu_order":0,"comment_status":"closed","ping_status":"closed","template":"","meta":{"footnotes":""},"class_list":["post-92","page","type-page","status-publish","hentry"],"_links":{"self":[{"href":"https:\/\/mbtec.fr\/index.php\/wp-json\/wp\/v2\/pages\/92","targetHints":{"allow":["GET"]}}],"collection":[{"href":"https:\/\/mbtec.fr\/index.php\/wp-json\/wp\/v2\/pages"}],"about":[{"href":"https:\/\/mbtec.fr\/index.php\/wp-json\/wp\/v2\/types\/page"}],"author":[{"embeddable":true,"href":"https:\/\/mbtec.fr\/index.php\/wp-json\/wp\/v2\/users\/1"}],"replies":[{"embeddable":true,"href":"https:\/\/mbtec.fr\/index.php\/wp-json\/wp\/v2\/comments?post=92"}],"version-history":[{"count":6,"href":"https:\/\/mbtec.fr\/index.php\/wp-json\/wp\/v2\/pages\/92\/revisions"}],"predecessor-version":[{"id":181,"href":"https:\/\/mbtec.fr\/index.php\/wp-json\/wp\/v2\/pages\/92\/revisions\/181"}],"wp:attachment":[{"href":"https:\/\/mbtec.fr\/index.php\/wp-json\/wp\/v2\/media?parent=92"}],"curies":[{"name":"wp","href":"https:\/\/api.w.org\/{rel}","templated":true}]}}