{"id":56,"date":"2019-02-01T17:17:42","date_gmt":"2019-02-01T16:17:42","guid":{"rendered":"http:\/\/mbtec.fr\/?page_id=56"},"modified":"2019-07-17T11:22:45","modified_gmt":"2019-07-17T09:22:45","slug":"contact","status":"publish","type":"page","link":"https:\/\/mbtec.fr\/index.php\/contact\/","title":{"rendered":"Contact"},"content":{"rendered":"\n<p>Si vous \u00eates int\u00e9ress\u00e9(e) ou souhaitez des compl\u00e9ments d&rsquo;information, n&rsquo;h\u00e9sitez pas, contactez nous :<\/p>\n\n\n\n<h2 class=\"wp-block-heading\" style=\"text-align:center\"><a href=\"mailto:contact@mbtec.fr\">contact(at)mbtec.fr<\/a><\/h2>\n\n\n\n<p><\/p>\n","protected":false},"excerpt":{"rendered":"<p>Si vous \u00eates int\u00e9ress\u00e9(e) ou souhaitez des compl\u00e9ments d&rsquo;information, n&rsquo;h\u00e9sitez pas, contactez nous : contact(at)mbtec.fr<\/p>\n","protected":false},"author":1,"featured_media":0,"parent":0,"menu_order":0,"comment_status":"closed","ping_status":"closed","template":"","meta":{"footnotes":""},"class_list":["post-56","page","type-page","status-publish","hentry"],"_links":{"self":[{"href":"https:\/\/mbtec.fr\/index.php\/wp-json\/wp\/v2\/pages\/56","targetHints":{"allow":["GET"]}}],"collection":[{"href":"https:\/\/mbtec.fr\/index.php\/wp-json\/wp\/v2\/pages"}],"about":[{"href":"https:\/\/mbtec.fr\/index.php\/wp-json\/wp\/v2\/types\/page"}],"author":[{"embeddable":true,"href":"https:\/\/mbtec.fr\/index.php\/wp-json\/wp\/v2\/users\/1"}],"replies":[{"embeddable":true,"href":"https:\/\/mbtec.fr\/index.php\/wp-json\/wp\/v2\/comments?post=56"}],"version-history":[{"count":18,"href":"https:\/\/mbtec.fr\/index.php\/wp-json\/wp\/v2\/pages\/56\/revisions"}],"predecessor-version":[{"id":220,"href":"https:\/\/mbtec.fr\/index.php\/wp-json\/wp\/v2\/pages\/56\/revisions\/220"}],"wp:attachment":[{"href":"https:\/\/mbtec.fr\/index.php\/wp-json\/wp\/v2\/media?parent=56"}],"curies":[{"name":"wp","href":"https:\/\/api.w.org\/{rel}","templated":true}]}}