{"id":55,"date":"2019-02-01T17:17:42","date_gmt":"2019-02-01T16:17:42","guid":{"rendered":"http:\/\/mbtec.fr\/?page_id=55"},"modified":"2019-02-25T17:25:17","modified_gmt":"2019-02-25T16:25:17","slug":"references","status":"publish","type":"page","link":"https:\/\/mbtec.fr\/index.php\/references\/","title":{"rendered":"R\u00e9f\u00e9rences"},"content":{"rendered":"\n<div class=\"wp-block-media-text\" style=\"grid-template-columns:25% auto\"><figure class=\"wp-block-media-text__media\"><img loading=\"lazy\" decoding=\"async\" width=\"200\" height=\"266\" src=\"http:\/\/mbtec.fr\/wp-content\/uploads\/2019\/02\/Maurice_small-e1551110464579.jpg\" alt=\"\" class=\"wp-image-210\"\/><\/figure><div class=\"wp-block-media-text__content\">\n<p style=\"color:#0f75bc;text-align:right\" class=\"has-text-color has-medium-font-size\">Maurice BEHAGUE, fondateur de MBTec, b\u00e9n\u00e9ficie de 30 ann\u00e9es d&rsquo;exp\u00e9rience dans le d\u00e9veloppement de dispositifs m\u00e9dicaux ou d&rsquo;instruments de laboratoire pour des groupes internationaux.  <\/p>\n<\/div><\/div>\n\n\n\n<div class=\"wp-block-image\"><figure class=\"aligncenter\"><a href=\"https:\/\/www.linkedin.com\/in\/maurice-behague\/\" target=\"_blank\" rel=\"noreferrer noopener\"><img loading=\"lazy\" decoding=\"async\" width=\"128\" height=\"128\" src=\"http:\/\/mbtec.fr\/wp-content\/uploads\/2019\/02\/linkedin2.png\" alt=\"\" class=\"wp-image-118\"\/><\/a><\/figure><\/div>\n","protected":false},"excerpt":{"rendered":"<p>Maurice BEHAGUE, fondateur de MBTec, b\u00e9n\u00e9ficie de 30 ann\u00e9es d&rsquo;exp\u00e9rience dans le d\u00e9veloppement de dispositifs m\u00e9dicaux ou d&rsquo;instruments de laboratoire pour des groupes internationaux.<\/p>\n","protected":false},"author":1,"featured_media":0,"parent":0,"menu_order":0,"comment_status":"closed","ping_status":"closed","template":"","meta":{"footnotes":""},"class_list":["post-55","page","type-page","status-publish","hentry"],"_links":{"self":[{"href":"https:\/\/mbtec.fr\/index.php\/wp-json\/wp\/v2\/pages\/55","targetHints":{"allow":["GET"]}}],"collection":[{"href":"https:\/\/mbtec.fr\/index.php\/wp-json\/wp\/v2\/pages"}],"about":[{"href":"https:\/\/mbtec.fr\/index.php\/wp-json\/wp\/v2\/types\/page"}],"author":[{"embeddable":true,"href":"https:\/\/mbtec.fr\/index.php\/wp-json\/wp\/v2\/users\/1"}],"replies":[{"embeddable":true,"href":"https:\/\/mbtec.fr\/index.php\/wp-json\/wp\/v2\/comments?post=55"}],"version-history":[{"count":11,"href":"https:\/\/mbtec.fr\/index.php\/wp-json\/wp\/v2\/pages\/55\/revisions"}],"predecessor-version":[{"id":217,"href":"https:\/\/mbtec.fr\/index.php\/wp-json\/wp\/v2\/pages\/55\/revisions\/217"}],"wp:attachment":[{"href":"https:\/\/mbtec.fr\/index.php\/wp-json\/wp\/v2\/media?parent=55"}],"curies":[{"name":"wp","href":"https:\/\/api.w.org\/{rel}","templated":true}]}}