{"id":54,"date":"2019-02-01T17:17:42","date_gmt":"2019-02-01T16:17:42","guid":{"rendered":"http:\/\/mbtec.fr\/?page_id=54"},"modified":"2025-05-20T17:59:37","modified_gmt":"2025-05-20T15:59:37","slug":"services","status":"publish","type":"page","link":"https:\/\/mbtec.fr\/index.php\/services\/","title":{"rendered":"Services"},"content":{"rendered":"\n<p><\/p>\n\n\n\n<p class=\"has-medium-font-size\"><strong>1\/ Offre d\u2019accompagnement<\/strong>&nbsp;&#8211; Consulting op\u00e9rationnel tout au long de votre projet ou sur une \u00e9tape sp\u00e9cifique :<\/p>\n\n\n<figure class=\"wp-block-image aligncenter is-resized\"><img loading=\"lazy\" decoding=\"async\" width=\"870\" height=\"564\" src=\"http:\/\/mbtec.fr\/wp-content\/uploads\/2019\/02\/Cycle-V_accompagnement.png\" alt=\"\" class=\"wp-image-149\" style=\"width:531px;height:344px\" srcset=\"https:\/\/mbtec.fr\/wp-content\/uploads\/2019\/02\/Cycle-V_accompagnement.png 870w, https:\/\/mbtec.fr\/wp-content\/uploads\/2019\/02\/Cycle-V_accompagnement-300x194.png 300w, https:\/\/mbtec.fr\/wp-content\/uploads\/2019\/02\/Cycle-V_accompagnement-768x498.png 768w\" sizes=\"auto, (max-width: 870px) 100vw, 870px\" \/><\/figure>\n\n\n<ul class=\"wp-block-list\">\n<li>Mise en place du projet (roadmap, plan qualit\u00e9 projet)<\/li>\n\n\n\n<li>Identification, si besoin, de prestataires (agence de design produit, bureau d\u2019ing\u00e9nierie sp\u00e9cialis\u00e9, laboratoire d\u2019essais, \u2026). MBTec b\u00e9n\u00e9ficie d\u2019un r\u00e9seau professionnel important vous facilitant les contacts.<\/li>\n\n\n\n<li> Gestion du projet et des parties prenantes (internes ou externes) tout au long du cycle en V<\/li>\n\n\n\n<li>D\u00e9finition ou revue des exigences clients, des normes applicables<\/li>\n\n\n\n<li>Recherche de concepts, \u00e9valuation des options techniques <\/li>\n\n\n\n<li>Contribution \u00e0 la formalisation des sp\u00e9cifications syst\u00e8mes, de l\u2019architecture syst\u00e8me, des sp\u00e9cifications d\u00e9taill\u00e9es (Mat\u00e9riel ou logiciel), ainsi que de toute la documentation n\u00e9cessaire au dossier de conception.<\/li>\n\n\n\n<li>Support pour la phase de v\u00e9rification de la conformit\u00e9 aux normes, y compris pour l\u2019interface avec les laboratoires de tests et leurs suivis.  <\/li>\n<\/ul>\n\n\n\n<p class=\"has-medium-font-size\"><strong> 2\/ Offre cl\u00e9 en main<\/strong> &#8211; Sous-traitance compl\u00e8te de d\u00e9veloppement <\/p>\n\n\n\n<p>Grace \u00e0 un partenariat \u00e9troit avec le bureau d\u2019\u00e9tudes <a href=\"https:\/\/www.cicor.com\/en\/locations\/europe\/romania\/bucharest\/\">Cicor Medtec Bucharest<\/a>, nous concr\u00e9tisons votre id\u00e9e ou partons de votre concept pour l\u2019amener avec vous jusqu\u2019en production.<\/p>\n\n\n<div class=\"wp-block-image\">\n<figure class=\"aligncenter\"><img loading=\"lazy\" decoding=\"async\" width=\"832\" height=\"227\" src=\"http:\/\/mbtec.fr\/wp-content\/uploads\/2019\/02\/Etape-de-d\u00e9veloppement.jpg\" alt=\"\" class=\"wp-image-154\" srcset=\"https:\/\/mbtec.fr\/wp-content\/uploads\/2019\/02\/Etape-de-d\u00e9veloppement.jpg 832w, https:\/\/mbtec.fr\/wp-content\/uploads\/2019\/02\/Etape-de-d\u00e9veloppement-300x82.jpg 300w, https:\/\/mbtec.fr\/wp-content\/uploads\/2019\/02\/Etape-de-d\u00e9veloppement-768x210.jpg 768w\" sizes=\"auto, (max-width: 832px) 100vw, 832px\" \/><\/figure><\/div>\n\n\n<p>Le partenariat Cicor Medtec, c\u2019est l\u2019acc\u00e8s aux comp\u00e9tences de 25 ing\u00e9nieurs exp\u00e9riment\u00e9s en conception \u00e9lectronique, m\u00e9canique, et logiciel (avec de nombreuses r\u00e9f\u00e9rences en sant\u00e9), associ\u00e9 \u00e0 la proximit\u00e9 client apport\u00e9e par MBTec, pour le suivi du projet. <\/p>\n\n\n\n<hr class=\"wp-block-separator has-css-opacity\"\/>\n\n\n\n<p class=\"has-text-color has-medium-font-size\" style=\"color:#0f75bc\"><em>Dans tous les cas, MBTec \u00e9tudie avec vous les meilleures ressources et solutions techniques \u00e0 mettre en \u0153uvre pour la r\u00e9ussite de votre projet.<\/em><\/p>\n","protected":false},"excerpt":{"rendered":"<p>1\/ Offre d\u2019accompagnement&nbsp;&#8211; Consulting op\u00e9rationnel tout au long de votre projet ou sur une \u00e9tape sp\u00e9cifique : 2\/ Offre cl\u00e9 en main &#8211; Sous-traitance compl\u00e8te de d\u00e9veloppement Grace \u00e0 un partenariat \u00e9troit avec le bureau d\u2019\u00e9tudes Cicor Medtec Bucharest, nous<\/p>\n","protected":false},"author":1,"featured_media":143,"parent":0,"menu_order":0,"comment_status":"closed","ping_status":"closed","template":"","meta":{"footnotes":""},"class_list":["post-54","page","type-page","status-publish","has-post-thumbnail","hentry"],"_links":{"self":[{"href":"https:\/\/mbtec.fr\/index.php\/wp-json\/wp\/v2\/pages\/54","targetHints":{"allow":["GET"]}}],"collection":[{"href":"https:\/\/mbtec.fr\/index.php\/wp-json\/wp\/v2\/pages"}],"about":[{"href":"https:\/\/mbtec.fr\/index.php\/wp-json\/wp\/v2\/types\/page"}],"author":[{"embeddable":true,"href":"https:\/\/mbtec.fr\/index.php\/wp-json\/wp\/v2\/users\/1"}],"replies":[{"embeddable":true,"href":"https:\/\/mbtec.fr\/index.php\/wp-json\/wp\/v2\/comments?post=54"}],"version-history":[{"count":13,"href":"https:\/\/mbtec.fr\/index.php\/wp-json\/wp\/v2\/pages\/54\/revisions"}],"predecessor-version":[{"id":229,"href":"https:\/\/mbtec.fr\/index.php\/wp-json\/wp\/v2\/pages\/54\/revisions\/229"}],"wp:featuredmedia":[{"embeddable":true,"href":"https:\/\/mbtec.fr\/index.php\/wp-json\/wp\/v2\/media\/143"}],"wp:attachment":[{"href":"https:\/\/mbtec.fr\/index.php\/wp-json\/wp\/v2\/media?parent=54"}],"curies":[{"name":"wp","href":"https:\/\/api.w.org\/{rel}","templated":true}]}}