{"id":184,"date":"2019-02-25T14:17:16","date_gmt":"2019-02-25T13:17:16","guid":{"rendered":"http:\/\/mbtec.fr\/?page_id=184"},"modified":"2019-02-25T15:10:37","modified_gmt":"2019-02-25T14:10:37","slug":"mention-obli","status":"publish","type":"page","link":"https:\/\/mbtec.fr\/index.php\/mention-obli\/","title":{"rendered":"Mentions obligatoires"},"content":{"rendered":"\n<p style=\"color:#0f75bc\" class=\"has-text-color has-medium-font-size\"><strong>1- Editeur<\/strong><\/p>\n\n\n\n<p>Ce site est \u00e9dit\u00e9 par MBTec S.A.S.<br>\nSAS au capital de 5 000 euros.<br>\nSi\u00e8ge social : 12, All\u00e9e des Violettes &#8211; 59126 LINSELLES<br>\nE-mail&nbsp;: contact@mbtec.fr<br>\nSIRET :&nbsp; 847 808 755 &#8211; RCS Lille M\u00e9tropole<br>\nTVA intra-communautaire : FR44 847 808&nbsp;755<br>\nLe directeur de la publication du site mbtec.fr est Monsieur Maurice Behague,\nen qualit\u00e9 de Pr\u00e9sident de MBTec.<\/p>\n\n\n\n<p style=\"color:#0f75bc\" class=\"has-text-color has-medium-font-size\"><strong>2- H\u00e9bergement<\/strong><\/p>\n\n\n\n<p>\n\n\n\n\n\n\n\n\n\n\n\n\n\n\n\n\nOVH &#8211; SAS au capital de 10 069 020 \u20ac<br>\nSi\u00e8ge social : 2 rue Kellermann &#8211; 59100 Roubaix &#8211; France.\n\n\n\n<\/p>\n\n\n\n<p style=\"color:#0f75bc\" class=\"has-text-color has-medium-font-size\"><strong>3- Contenu du site<\/strong><\/p>\n\n\n\n<p>\n\n\n\n\n\n\n\n\n\n\n\n\n\n\n\n\nOn entend par contenu du site la structure g\u00e9n\u00e9rale,\nles textes, les images anim\u00e9es ou non, et les sons dont le site est compos\u00e9.<br>\nToute repr\u00e9sentation totale ou partielle de ce site et de son contenu, par\nquelques proc\u00e9d\u00e9s que se soient, sans autorisation pr\u00e9alable expresse de MBTec,\nest interdite et constituerait une contrefa\u00e7on sanctionn\u00e9e\npar les articles L335-2 et suivants du Code de la Propri\u00e9t\u00e9 intellectuelle.\n\n\n\n<\/p>\n\n\n\n<p style=\"color:#0f75bc\" class=\"has-text-color has-medium-font-size\"><strong>4- Utilisation du contenu du site<\/strong><\/p>\n\n\n\n<p>\n\n\n\n\n\n\n\n\n\n\n\n\n\n\n\n\nDu seul fait de sa connexion au site, l\u2019utilisateur\nreconna\u00eet accepter de la soci\u00e9t\u00e9 MBTec une licence d\u2019usage du contenu du site\nstrictement limit\u00e9e aux conditions imp\u00e9ratives suivantes :<br>\n&#8211; La pr\u00e9sente licence accord\u00e9e \u00e0 titre non exclusif n\u2019est pas transmissible.<br>\n&#8211; Le droit d\u2019usage conf\u00e9r\u00e9 \u00e0 l\u2019utilisateur est personnel et priv\u00e9 :\nc\u2019est-\u00e0-dire que toute reproduction du contenu du site sur un quelconque\nsupport pour un usage collectif ou professionnel, m\u00eame en interne dans\nl\u2019entreprise, est prohib\u00e9e. Il en est de m\u00eame pour toute communication de ce\ncontenu par voie \u00e9lectronique, m\u00eame diffus\u00e9 en intranet ou en extranet\nd\u2019entreprise.<br>\n&#8211; Cet usage comprend seulement l\u2019autorisation de reproduire pour stockage aux\nfins de repr\u00e9sentation sur \u00e9cran monoposte et de reproduction en un exemplaire,\npour copie de sauvegarde et tirage papier.<br>\n&#8211; Tout autre usage est soumis \u00e0 l\u2019autorisation expresse pr\u00e9alable de la soci\u00e9t\u00e9\nMBTec. La violation de ces dispositions soumet le contrevenant et toutes\npersonnes responsables aux peines p\u00e9nales et civiles pr\u00e9vues par la loi\nfran\u00e7aise.\n\n\n\n<\/p>\n\n\n\n<p style=\"color:#0f75bc\" class=\"has-text-color has-medium-font-size\"><strong>5 &#8211; Liens hypertextes externes<\/strong><\/p>\n\n\n\n<p>Les liens mis en place depuis le site MBTec vers des\nsites ext\u00e9rieurs ne sauraient engager la responsabilit\u00e9 de MBTec SAS notamment\nau regard du contenu de ces sites mais \u00e9galement des risques techniques. En\nacceptant d\u2019utiliser un lien hypertexte pour acc\u00e9der \u00e0 un site ext\u00e9rieur, vous\nacceptez de prendre les risques et de subir un \u00e9ventuel pr\u00e9judice direct ou\nindirect. De m\u00eame, MBTec n\u2019est pas responsable des liens hypertextes\nsusceptibles de pointer sur son site.<\/p>\n\n\n\n<p>Pour toute demande d\u2019information ou pour nous signaler\nerreurs ou anomalies :&nbsp;contact@mbtec.fr<\/p>\n","protected":false},"excerpt":{"rendered":"<p>1- Editeur Ce site est \u00e9dit\u00e9 par MBTec S.A.S. SAS au capital de 5 000 euros. Si\u00e8ge social : 12, All\u00e9e des Violettes &#8211; 59126 LINSELLES E-mail&nbsp;: contact@mbtec.fr SIRET :&nbsp; 847 808 755 &#8211; RCS Lille M\u00e9tropole TVA intra-communautaire :<\/p>\n","protected":false},"author":1,"featured_media":0,"parent":0,"menu_order":0,"comment_status":"closed","ping_status":"closed","template":"","meta":{"footnotes":""},"class_list":["post-184","page","type-page","status-publish","hentry"],"_links":{"self":[{"href":"https:\/\/mbtec.fr\/index.php\/wp-json\/wp\/v2\/pages\/184","targetHints":{"allow":["GET"]}}],"collection":[{"href":"https:\/\/mbtec.fr\/index.php\/wp-json\/wp\/v2\/pages"}],"about":[{"href":"https:\/\/mbtec.fr\/index.php\/wp-json\/wp\/v2\/types\/page"}],"author":[{"embeddable":true,"href":"https:\/\/mbtec.fr\/index.php\/wp-json\/wp\/v2\/users\/1"}],"replies":[{"embeddable":true,"href":"https:\/\/mbtec.fr\/index.php\/wp-json\/wp\/v2\/comments?post=184"}],"version-history":[{"count":2,"href":"https:\/\/mbtec.fr\/index.php\/wp-json\/wp\/v2\/pages\/184\/revisions"}],"predecessor-version":[{"id":196,"href":"https:\/\/mbtec.fr\/index.php\/wp-json\/wp\/v2\/pages\/184\/revisions\/196"}],"wp:attachment":[{"href":"https:\/\/mbtec.fr\/index.php\/wp-json\/wp\/v2\/media?parent=184"}],"curies":[{"name":"wp","href":"https:\/\/api.w.org\/{rel}","templated":true}]}}